{"id":127,"date":"2025-04-09T16:46:08","date_gmt":"2025-04-09T14:46:08","guid":{"rendered":"https:\/\/www.genetyka.edu.pl\/2025\/?page_id=127"},"modified":"2025-09-24T16:39:31","modified_gmt":"2025-09-24T14:39:31","slug":"wykladowcy","status":"publish","type":"page","link":"https:\/\/www.genetyka.edu.pl\/2025\/wykladowcy\/","title":{"rendered":"Komitety i wyk\u0142adowcy"},"content":{"rendered":"\n<p><strong>Komitet Organizacyjny<\/strong><\/p>\n\n\n\n<pre class=\"wp-block-preformatted\">dr n. med. Anna Madetko-Talowska<br>dr n. med. Magda Rybak-Krzyszkowska<br>dr hab. n. med. Mateusz Jag\u0142a<br>dr n. med. Magdalena Janeczko<br>dr n. med. Teofila Ksi\u0105\u017cek<br>lek. med. Ewelina Preizner-Rzucid\u0142o <br>dr n. med. Katarzyna Szewczyk<\/pre>\n\n\n\n<p><strong>Komitet Honorowy Konferencji<\/strong><\/p>\n\n\n\n<p>prof. dr hab. n. med. Edyta Borkowska<br>dr hab. Wojciech Cyrul, prof. UJ<br>prof. dr hab. n. med. Olga Haus<br>prof. dr hab. n. med. Hubert Huras<br>prof. dr hab. n. med. Przemko Kwinta<br>prof. dr hab. n. med. Anna Latos-Biele\u0144ska<br>prof. dr hab. n. med. Maciej Ma\u0142ecki<\/p>\n\n\n\n<p><strong>Wyk\u0142adowcy oraz zaproszeni go\u015bcie<\/strong><\/p>\n\n\n\n<pre class=\"wp-block-preformatted\"><strong>Mari\u00eblle Alders<br><\/strong>Amsterdam University Medical Center, The Netherlands<br><strong>Ewa Bie\u0144<br><\/strong>Gda\u0144ski Uniwersytet Medyczny, Gda\u0144sk<br><strong>Robert Brawura-Biskupski-Samaha<br><\/strong>Szpital Biela\u0144ski im. ks. Jerzego Popie\u0142uszki, Warszawa<br><strong>Dorota Bulsiewicz<br><\/strong>Instytut \"Pomnik - Centrum Zdrowia Dziecka\", Warszawa<br><strong>Agata Cie\u015blikowska<br><\/strong>Centrum Zdrowia Dziecka, Warszawa<br><strong>Karin Diderich<br><\/strong>Erasmus University Medical Center Rotterdam, The Netherlands<br><strong>Lech Dudarewicz<br><\/strong>Instytut Centrum Zdrowia Matki Polki, \u0141\u00f3d\u017a<br><strong>Jolanta Fijak-Moskal<br><\/strong>Uniwersytecki Szpital Dzieci\u0119cy w Krakowie<br><strong>Agnieszka Gach<br><\/strong>Instytut Centrum Zdrowia Matki Polki, \u0141\u00f3d\u017a<br><strong>Christian Gilissen<br><\/strong>Radboud University Nijmegen Medical Center Leiden, The Netherlands<br><strong>Wojciech Glac<br><\/strong>Ma\u0142opolskie Hospicjum dla Dzieci, Krak\u00f3w<br><strong>Monika Gos<br><\/strong>Instytut Matki i Dziecka, Warszawa<br><strong>Hubert Huras<br><\/strong>Uniwersytet Jagiello\u0144ski Collegium Medicum, Krak\u00f3w<br><strong>Mateusz Jag\u0142a<br><\/strong>Uniwersytet Jagiello\u0144ski Collegium Medicum, Krak\u00f3w<br><strong>Aleksander Jamsheer<br><\/strong>Uniwersytet Medyczny im. Karola Marcinkowskiego w Poznaniu, Pozna\u0144<br><strong>Renata Jaczy\u0144ska<br><\/strong>Klinika Po\u0142o\u017cnictwa, Perinatologii, Ginekologii i Rozrodczo\u015bci<br>Uniwersyteckie Centrum Kliniczne WUM, Warszawa<br><strong>\u0141ukasz K\u0119pczy\u0144ski<br><\/strong>Instytut Centrum Zdrowia Matki Polki, \u0141\u00f3d\u017a<br><strong>Asma Khalil<br><\/strong>St George's University Hospitals, Londyn<br><strong>Przemys\u0142aw Kosi\u0144ski<br><\/strong>Warszawski Uniwersytet Medyczny, Warszawa<br><strong>Przemko Kwinta<br><\/strong>Uniwersytet Jagiello\u0144ski Collegium Medicum, Krak\u00f3w<br><strong>Anna Madetko-Talowska<br><\/strong>Uniwersytet Jagiello\u0144ski Collegium Medicum, Krak\u00f3w<br><strong>Hanna Moczulska<br><\/strong>Centralny Szpital Kliniczny Uniwersytetu Medycznego w \u0141odzi, \u0141\u00f3d\u017a<br><strong>Krzysztof Nawrocki<br><\/strong>Ma\u0142opolskie Hospicjum dla Dzieci, Krak\u00f3w<br><strong>Beata Nowakowska<br><\/strong>Instytut Matki i Dziecka, Warszawa<br><strong>Ewelina Preizner-Rzucid\u0142o<br><\/strong>Uniwersytet Jagiello\u0144ski Collegium, Krak\u00f3w<br><strong>Magda Rybak-Krzyszkowska<br><\/strong>Szpital Uniwersytecki w Krakowie, Krak\u00f3w<br><strong>Ma\u0142gorzata I. Srebniak<br><\/strong>Erasmus University Medical Center Rotterdam, The Netherlands<br><strong>Robert \u015amigiel<br><\/strong>Uniwersytet Medyczny im. Piast\u00f3w \u015al\u0105skich we Wroc\u0142awiu, Wroc\u0142aw<br><strong>Krzysztof Szcza\u0142uba<br><\/strong>Warszawski Uniwersytet Medyczny, Warszawa<br><strong>Justyna Szyma\u0144ska<br><\/strong>Uniwersytecki Szpital Dzieci\u0119cy, Krak\u00f3w<br><strong>Dorota Wicher<br><\/strong>Instytut \u201ePomnik \u2013 Centrum Zdrowia Dziecka\u201d, Warszawa<br><strong>Jolanta Wierzba<br><\/strong>Gda\u0144ski Uniwersytet Medyczny, Gda\u0144sk<\/pre>\n\n\n\n<p><\/p>\n","protected":false},"excerpt":{"rendered":"<p>Komitet Organizacyjny dr n. med. Anna Madetko-Talowskadr n. med. Magda Rybak-Krzyszkowskadr hab. n. med. Mateusz Jag\u0142adr n. med. Magdalena Janeczkodr n. med. Teofila Ksi\u0105\u017ceklek. med. Ewelina Preizner-Rzucid\u0142o dr n. med. Katarzyna Szewczyk Komitet Honorowy Konferencji prof. dr hab. n. med. Edyta Borkowskadr hab. Wojciech Cyrul, prof. UJprof. dr hab. n. med. Olga Hausprof. dr hab. [&hellip;]<\/p>\n","protected":false},"author":1,"featured_media":0,"parent":0,"menu_order":0,"comment_status":"closed","ping_status":"closed","template":"","meta":{"_acf_changed":false,"footnotes":""},"class_list":["post-127","page","type-page","status-publish","hentry"],"acf":[],"_links":{"self":[{"href":"https:\/\/www.genetyka.edu.pl\/2025\/wp-json\/wp\/v2\/pages\/127","targetHints":{"allow":["GET"]}}],"collection":[{"href":"https:\/\/www.genetyka.edu.pl\/2025\/wp-json\/wp\/v2\/pages"}],"about":[{"href":"https:\/\/www.genetyka.edu.pl\/2025\/wp-json\/wp\/v2\/types\/page"}],"author":[{"embeddable":true,"href":"https:\/\/www.genetyka.edu.pl\/2025\/wp-json\/wp\/v2\/users\/1"}],"replies":[{"embeddable":true,"href":"https:\/\/www.genetyka.edu.pl\/2025\/wp-json\/wp\/v2\/comments?post=127"}],"version-history":[{"count":17,"href":"https:\/\/www.genetyka.edu.pl\/2025\/wp-json\/wp\/v2\/pages\/127\/revisions"}],"predecessor-version":[{"id":408,"href":"https:\/\/www.genetyka.edu.pl\/2025\/wp-json\/wp\/v2\/pages\/127\/revisions\/408"}],"wp:attachment":[{"href":"https:\/\/www.genetyka.edu.pl\/2025\/wp-json\/wp\/v2\/media?parent=127"}],"curies":[{"name":"wp","href":"https:\/\/api.w.org\/{rel}","templated":true}]}}