{"id":183,"date":"2025-05-15T11:49:07","date_gmt":"2025-05-15T09:49:07","guid":{"rendered":"https:\/\/www.genetyka.edu.pl\/2025\/?page_id=183"},"modified":"2025-09-16T16:00:02","modified_gmt":"2025-09-16T14:00:02","slug":"sesja-plakatowa","status":"publish","type":"page","link":"https:\/\/www.genetyka.edu.pl\/2025\/sesja-plakatowa\/","title":{"rendered":"Sesja plakatowa"},"content":{"rendered":"\n<p class=\"has-background has-small-font-size\" style=\"background-color:#43399e1f\">Szanowni Pa\u0144stwo, <br><br>Uprzejmie informujemy, i\u017c wszystkie zg\u0142oszone plakaty zosta\u0142y ocenione przez Komisj\u0119 Konkursow\u0105 z uwzgl\u0119dnieniem trzech kryteri\u00f3w: oryginalno\u015bci, warto\u015bci naukowej oraz zgodno\u015bci tre\u015bci z tematyk\u0105 konferencji. W ka\u017cdej z kategorii uczestnicy mogli otrzyma\u0107 od 1 do 5 punkt\u00f3w. <br>R\u00f3\u017cnice w ocenach by\u0142y niezwykle niewielkie, co \u015bwiadczy o wysokim poziomie nades\u0142anych prac. Wszystkim autorom gratulujemy interesuj\u0105cych bada\u0144 oraz cennych wynik\u00f3w, kt\u00f3re zosta\u0142y zaprezentowane w formie poster\u00f3w. Spo\u015br\u00f3d zg\u0142oszonych prac Komisja wy\u0142oni\u0142a cztery plakaty, kt\u00f3re zostan\u0105 zaprezentowane w formie wyst\u0105pie\u0144 ustnych i s\u0105 to: <br><br>Sesja V: Wsp\u00f3\u0142praca neonatologa z genetykami w okre\u015blaniu przyczyn wrodzonych wad rozwojowych <br><strong>Pani Dominika Szcz\u0119\u015bniak <br><\/strong>Sesja VI: Nowoczesna diagnostyka genetyczna pacjenta pediatrycznego z chorob\u0105 monogenow\u0105. Od klasycznego sekwencjonowania po technologi\u0119 d\u0142ugich odczyt\u00f3w <br><strong>Pan Tomasz P\u0142oszaj <br><\/strong>oraz <br><strong>Pan Karol Sto\u017cek <br><\/strong>Sesja VII: Planowanie opieki i terapii multidyscyplinarnej: rola pediatry w monitorowaniu rozwoju dziecka <br><strong>Pani Natalia Braun-Walicka <br><\/strong><br>Gratulujemy serdecznie wszystkim laureatom!<\/p>\n\n\n\n<p class=\"has-small-font-size\">Serdecznie zapraszamy do udzia\u0142u w sesji plakatowej w ramach nadchodz\u0105cej konferencji.<\/p>\n\n\n\n<p class=\"has-small-font-size\">Sesja plakatowa stanowi doskona\u0142\u0105 okazj\u0119 do zaprezentowania wynik\u00f3w bada\u0144, wymiany do\u015bwiadcze\u0144 oraz nawi\u0105zania interdyscyplinarnej wsp\u00f3\u0142pracy mi\u0119dzy uczestnikami konferencji.<\/p>\n\n\n\n<p class=\"has-small-font-size\">Zg\u0142oszenia b\u0119d\u0105 oceniane przez Komitet Naukowy pod k\u0105tem oryginalno\u015bci, warto\u015bci naukowej oraz zgodno\u015bci z tematyk\u0105 konferencji. Najlepsze plakaty zostan\u0105 wyr\u00f3\u017cnione poprzez prezentacj\u0119 w formie kr\u00f3tkich (10 minutowych) wyst\u0105pie\u0144 ustnych podczas sesji konferencyjnych!<\/p>\n\n\n\n<p class=\"has-small-font-size\">Zr\u00f3wnowa\u017cona forma prezentacji!<\/p>\n\n\n\n<p class=\"has-small-font-size\">Zgodnie z ekologicznymi trendami oraz dla wygody uczestnik\u00f3w, nie ma konieczno\u015bci drukowania plakatu. Przyj\u0119te plakaty prezentowane b\u0119d\u0105 wy\u0142\u0105cznie w formie elektronicznej na ekranach multimedialnych udost\u0119pnionych na miejscu konferencji.<\/p>\n\n\n\n<p class=\"has-small-font-size\"><strong>Nie przegap szansy, by podzieli\u0107 si\u0119 swoimi badaniami i zaistnie\u0107 w gronie m\u0142odych naukowc\u00f3w oraz do\u015bwiadczonych ekspert\u00f3w!<\/strong><\/p>\n\n\n\n<p class=\"has-small-font-size\">Szczeg\u00f3\u0142y zg\u0142oszenia:<\/p>\n\n\n\n<ul class=\"wp-block-list\">\n<li class=\"has-small-font-size\">Prosimy o przygotowanie plakat\u00f3w w formacie cyfrowym (PDF)<\/li>\n\n\n\n<li class=\"has-small-font-size\">Wymiary: szeroko\u015b\u0107 plakatu: 80 cm, wysoko\u015b\u0107 plakatu 100 cm<\/li>\n\n\n\n<li class=\"has-small-font-size\">Uk\u0142ad plakatu- pionowy<\/li>\n\n\n\n<li class=\"has-small-font-size\">J\u0119zyk plakatu: polski lub angielski<\/li>\n\n\n\n<li class=\"has-small-font-size\">Wymagania formalne: plakat musi zawiera\u0107 nazwisko (nazwiska) autora (autor\u00f3w) oraz tytu\u0142 pracy i nazw\u0119 o\u015brodka, z kt\u00f3rego praca pochodzi<\/li>\n\n\n\n<li class=\"has-small-font-size\">Plakaty powinny pobudza\u0107 dyskusj\u0119, a nie przedstawia\u0107 d\u0142ugich prezentacji, dlatego proponujemy ograniczy\u0107 tekst do minimum, po\u0142o\u017cy\u0107 nacisk na grafik\u0119 i upewni\u0107 si\u0119, \u017ce ka\u017cdy element jest niezb\u0119dny. Prosimy pami\u0119ta\u0107 aby tekst umieszczony na plakacie by\u0142 czytelny z odleg\u0142o\u015bci minimum 1 metra.<\/li>\n\n\n\n<li class=\"has-small-font-size\">W zg\u0142oszeniu prosimy o podanie pe\u0142nego imienia i nazwiska autora prezentuj\u0105cego wraz z adresem e-mail<\/li>\n<\/ul>\n\n\n\n<p class=\"has-background has-small-font-size\" style=\"background-color:#43399e1f\"><strong>Termin nadsy\u0142ania plakat\u00f3w: 7.09.2025<\/strong><\/p>\n\n\n\n<p class=\"has-small-font-size\">Termin og\u0142oszenia plakat\u00f3w zakwalifikowanych do wyst\u0105pie\u0144 w formie ustnych prezentacji: <strong>16.09.2025 (godz. 16.00)<\/strong><\/p>\n\n\n\n<p class=\"has-small-font-size\">Zg\u0142oszenie plakatu jest jednoznaczne ze zgod\u0105 autor\u00f3w na jego druk w materia\u0142ach konferencyjnych, przetwarzanie i udost\u0119pnianie danych osobowych podanych podczas rejestracji oraz pracy na potrzeby organizacyjne.<\/p>\n\n\n\n<p class=\"has-background has-small-font-size\" style=\"background-color:#43399e1f\"><strong>Zg\u0142oszenia plakat\u00f3w prosimy kierowa\u0107 na adres: <a href=\"mailto:biuro@medvisa.pl\">biuro@medvisa.pl<\/a><\/strong><\/p>\n\n\n\n<p><\/p>\n","protected":false},"excerpt":{"rendered":"<p>Szanowni Pa\u0144stwo, Uprzejmie informujemy, i\u017c wszystkie zg\u0142oszone plakaty zosta\u0142y ocenione przez Komisj\u0119 Konkursow\u0105 z uwzgl\u0119dnieniem trzech kryteri\u00f3w: oryginalno\u015bci, warto\u015bci naukowej oraz zgodno\u015bci tre\u015bci z tematyk\u0105 konferencji. W ka\u017cdej z kategorii uczestnicy mogli otrzyma\u0107 od 1 do 5 punkt\u00f3w. R\u00f3\u017cnice w ocenach by\u0142y niezwykle niewielkie, co \u015bwiadczy o wysokim poziomie nades\u0142anych prac. Wszystkim autorom gratulujemy interesuj\u0105cych [&hellip;]<\/p>\n","protected":false},"author":1,"featured_media":0,"parent":0,"menu_order":0,"comment_status":"closed","ping_status":"closed","template":"","meta":{"_acf_changed":false,"footnotes":""},"class_list":["post-183","page","type-page","status-publish","hentry"],"acf":[],"_links":{"self":[{"href":"https:\/\/www.genetyka.edu.pl\/2025\/wp-json\/wp\/v2\/pages\/183","targetHints":{"allow":["GET"]}}],"collection":[{"href":"https:\/\/www.genetyka.edu.pl\/2025\/wp-json\/wp\/v2\/pages"}],"about":[{"href":"https:\/\/www.genetyka.edu.pl\/2025\/wp-json\/wp\/v2\/types\/page"}],"author":[{"embeddable":true,"href":"https:\/\/www.genetyka.edu.pl\/2025\/wp-json\/wp\/v2\/users\/1"}],"replies":[{"embeddable":true,"href":"https:\/\/www.genetyka.edu.pl\/2025\/wp-json\/wp\/v2\/comments?post=183"}],"version-history":[{"count":9,"href":"https:\/\/www.genetyka.edu.pl\/2025\/wp-json\/wp\/v2\/pages\/183\/revisions"}],"predecessor-version":[{"id":375,"href":"https:\/\/www.genetyka.edu.pl\/2025\/wp-json\/wp\/v2\/pages\/183\/revisions\/375"}],"wp:attachment":[{"href":"https:\/\/www.genetyka.edu.pl\/2025\/wp-json\/wp\/v2\/media?parent=183"}],"curies":[{"name":"wp","href":"https:\/\/api.w.org\/{rel}","templated":true}]}}