{"id":25,"date":"2025-02-20T12:03:07","date_gmt":"2025-02-20T11:03:07","guid":{"rendered":"https:\/\/www.genetyka.edu.pl\/2025\/?page_id=25"},"modified":"2025-10-04T23:14:36","modified_gmt":"2025-10-04T21:14:36","slug":"rejestracja","status":"publish","type":"page","link":"https:\/\/www.genetyka.edu.pl\/2025\/rejestracja\/","title":{"rendered":"Rejestracja"},"content":{"rendered":"\n<figure class=\"wp-block-table is-style-regular\"><table class=\"has-white-color has-text-color has-background has-link-color has-border-color has-white-border-color\" style=\"background:linear-gradient(140deg,rgb(231,196,203) 0%,rgb(88,128,176) 79%);border-style:solid;border-width:7px\"><tbody><tr><td class=\"has-text-align-center\" data-align=\"center\" colspan=\"2\"><strong>Koszty udzia\u0142u<\/strong><\/td><\/tr><tr><td class=\"has-text-align-center\" data-align=\"center\">Udzia\u0142 w konferencji: Dysmorfologia 3-4.10.2025 r.<\/td><td class=\"has-text-align-center\" data-align=\"center\">400 z\u0142<\/td><\/tr><tr><td class=\"has-text-align-center\" data-align=\"center\">Udzia\u0142 w warsztatach: Przyst\u0119pna genetyka dla po\u0142o\u017cnika 2.10.2025 r.<\/td><td class=\"has-text-align-center\" data-align=\"center\">1500 z\u0142<\/td><\/tr><tr><td class=\"has-text-align-center\" data-align=\"center\">Udzia\u0142 w konferencji i warsztatach: 2-4.10.2025 r.<\/td><td class=\"has-text-align-center\" data-align=\"center\">1900 z\u0142<\/td><\/tr><\/tbody><\/table><\/figure>\n\n\n\n<p><strong>W ramach op\u0142aty za udzia\u0142 w konferencji gwarantujemy:<\/strong><\/p>\n\n\n\n<ul class=\"wp-block-list\">\n<li>Wst\u0119p na sesje naukowe<\/li>\n\n\n\n<li>Udzia\u0142 w wystawie medycznej<\/li>\n\n\n\n<li>Certyfikat uczestnictwa potwierdzaj\u0105cy uzyskanie 14 punkt\u00f3w edukacyjnych<\/li>\n\n\n\n<li>8 punkt\u00f3w edukacyjnych dla diagnost\u00f3w laboratoryjnych<\/li>\n\n\n\n<li>Teczk\u0119 z programem i skryptem konferencyjnym (dla wp\u0142at otrzymanych do 26\/09\/2025)<\/li>\n\n\n\n<li>Identyfikator<\/li>\n\n\n\n<li>Przerwy kawowe oraz obiadowe<\/li>\n<\/ul>\n\n\n\n<h2 class=\"wp-block-heading\"><\/h2>\n\n\n\n<p class=\"has-x-small-font-size\">Uczestnik rejestruj\u0105cy si\u0119 na wydarzenie o\u015bwiadcza, \u017ce zapozna\u0142 si\u0119 i zgadza si\u0119 z warunkami okre\u015blonymi w <a href=\"https:\/\/www.genetyka.edu.pl\/2025\/wp-content\/uploads\/2025\/09\/regulamin-medvisa.pdf\">Regulaminie Konferencji<\/a>.<\/p>\n\n\n\n<p><\/p>\n\n\n\n<p><\/p>\n\n\n\n<p class=\"has-x-small-font-size\">W przypadku problem\u00f3w z formularzem rejestracyjnym, zg\u0142oszenie uczestnictwa mo\u017cna dokona\u0107 e-mailowo, na adres: biuro@medvisa.pl.<\/p>\n\n\n\n<p><\/p>\n","protected":false},"excerpt":{"rendered":"<p>W ramach op\u0142aty za udzia\u0142 w konferencji gwarantujemy: Uczestnik rejestruj\u0105cy si\u0119 na wydarzenie o\u015bwiadcza, \u017ce zapozna\u0142 si\u0119 i zgadza si\u0119 z warunkami okre\u015blonymi w Regulaminie Konferencji. W przypadku problem\u00f3w z formularzem rejestracyjnym, zg\u0142oszenie uczestnictwa mo\u017cna dokona\u0107 e-mailowo, na adres: biuro@medvisa.pl.<\/p>\n","protected":false},"author":1,"featured_media":0,"parent":0,"menu_order":0,"comment_status":"closed","ping_status":"closed","template":"","meta":{"_acf_changed":false,"footnotes":""},"class_list":["post-25","page","type-page","status-publish","hentry"],"acf":[],"_links":{"self":[{"href":"https:\/\/www.genetyka.edu.pl\/2025\/wp-json\/wp\/v2\/pages\/25","targetHints":{"allow":["GET"]}}],"collection":[{"href":"https:\/\/www.genetyka.edu.pl\/2025\/wp-json\/wp\/v2\/pages"}],"about":[{"href":"https:\/\/www.genetyka.edu.pl\/2025\/wp-json\/wp\/v2\/types\/page"}],"author":[{"embeddable":true,"href":"https:\/\/www.genetyka.edu.pl\/2025\/wp-json\/wp\/v2\/users\/1"}],"replies":[{"embeddable":true,"href":"https:\/\/www.genetyka.edu.pl\/2025\/wp-json\/wp\/v2\/comments?post=25"}],"version-history":[{"count":21,"href":"https:\/\/www.genetyka.edu.pl\/2025\/wp-json\/wp\/v2\/pages\/25\/revisions"}],"predecessor-version":[{"id":440,"href":"https:\/\/www.genetyka.edu.pl\/2025\/wp-json\/wp\/v2\/pages\/25\/revisions\/440"}],"wp:attachment":[{"href":"https:\/\/www.genetyka.edu.pl\/2025\/wp-json\/wp\/v2\/media?parent=25"}],"curies":[{"name":"wp","href":"https:\/\/api.w.org\/{rel}","templated":true}]}}