{"id":47,"date":"2025-02-20T13:23:43","date_gmt":"2025-02-20T12:23:43","guid":{"rendered":"https:\/\/www.genetyka.edu.pl\/2025\/?page_id=47"},"modified":"2025-09-29T10:34:33","modified_gmt":"2025-09-29T08:34:33","slug":"warsztaty","status":"publish","type":"page","link":"https:\/\/www.genetyka.edu.pl\/2025\/warsztaty\/","title":{"rendered":"Warsztaty przedkonferencyjne: Przyst\u0119pna genetyka dla po\u0142o\u017cnika"},"content":{"rendered":"\n<div class=\"wp-block-columns is-layout-flex wp-container-core-columns-is-layout-28f84493 wp-block-columns-is-layout-flex\">\n<div class=\"wp-block-column is-layout-flow wp-block-column-is-layout-flow\" style=\"flex-basis:50%\">\n<figure class=\"wp-block-image size-medium is-resized\"><img loading=\"lazy\" decoding=\"async\" width=\"300\" height=\"300\" src=\"https:\/\/www.genetyka.edu.pl\/2025\/wp-content\/uploads\/2025\/06\/1080x1080_genetyka_pazdziernik_2025-300x300.jpg\" alt=\"\" class=\"wp-image-238\" style=\"width:346px;height:auto\" srcset=\"https:\/\/www.genetyka.edu.pl\/2025\/wp-content\/uploads\/2025\/06\/1080x1080_genetyka_pazdziernik_2025-300x300.jpg 300w, https:\/\/www.genetyka.edu.pl\/2025\/wp-content\/uploads\/2025\/06\/1080x1080_genetyka_pazdziernik_2025-1024x1024.jpg 1024w, https:\/\/www.genetyka.edu.pl\/2025\/wp-content\/uploads\/2025\/06\/1080x1080_genetyka_pazdziernik_2025-150x150.jpg 150w, https:\/\/www.genetyka.edu.pl\/2025\/wp-content\/uploads\/2025\/06\/1080x1080_genetyka_pazdziernik_2025-768x768.jpg 768w, https:\/\/www.genetyka.edu.pl\/2025\/wp-content\/uploads\/2025\/06\/1080x1080_genetyka_pazdziernik_2025.jpg 1080w\" sizes=\"auto, (max-width: 300px) 100vw, 300px\" \/><\/figure>\n<\/div>\n\n\n\n<div class=\"wp-block-column is-layout-flow wp-block-column-is-layout-flow\" style=\"flex-basis:50%\">\n<p>Zapraszamy do udzia\u0142u w warsztatach \u201e<strong>Przyst\u0119pna genetyka dla po\u0142o\u017cnika<\/strong>\u201d, kt\u00f3re odb\u0119d\u0105 si\u0119 2 pa\u017adziernika 2025 r. w godzinach 9:00 &#8211; 18:00.<\/p>\n\n\n\n<p>Warsztaty odbywaj\u0105 si\u0119 pod Naukowym Kierownictwem <strong>dr n. med. Magdy Rybak-Krzyszkowskiej<\/strong>.<\/p>\n\n\n\n<p>Miejsce spotkania: <a href=\"https:\/\/www.genetyka.edu.pl\/2025\/miejsce-spotkania\/\" data-type=\"page\" data-id=\"51\">Auditorium Maximum UJ<\/a>, ul. Krupnicza 33, Krak\u00f3w<\/p>\n<\/div>\n<\/div>\n\n\n\n<p class=\"has-medium-font-size\"><strong>Koszt udzia\u0142u w warsztatach: 1500 z\u0142<\/strong><br>Koszt udzia\u0142u w konferencji i warsztatach: 1900 z\u0142<\/p>\n\n\n\n<p class=\"has-small-font-size\"><strong>Oplata za warsztaty obejmuje:<\/strong><\/p>\n\n\n\n<ul class=\"wp-block-list\">\n<li class=\"has-small-font-size\">udzia\u0142 w praktycznych warsztatach,<\/li>\n\n\n\n<li class=\"has-small-font-size\">udzia\u0142 w wystawie medycznej,<\/li>\n\n\n\n<li class=\"has-small-font-size\">identyfikator,<\/li>\n\n\n\n<li class=\"has-small-font-size\">przerwy kawowe oraz obiadowe.<\/li>\n<\/ul>\n\n\n\n<figure class=\"wp-block-table is-style-regular has-medium-font-size\"><table class=\"has-white-color has-text-color has-background has-link-color has-fixed-layout\" style=\"background:linear-gradient(140deg,rgb(231,196,203) 0%,rgb(88,128,176) 79%);border-style:none;border-width:0px\"><tbody><tr><td class=\"has-text-align-center\" data-align=\"center\"><strong>Uczestnik kursu uzyskuje 15 punkt\u00f3w do Certyfikatu Bada\u0144 Prenatalnych PTGiP lub Certyfikatu Podstawowego PTGiP<\/strong><\/td><\/tr><\/tbody><\/table><\/figure>\n\n\n\n<div class=\"wp-block-buttons is-content-justification-center is-layout-flex wp-container-core-buttons-is-layout-a89b3969 wp-block-buttons-is-layout-flex\">\n<div class=\"wp-block-button is-style-outline is-style-outline--1\"><a class=\"wp-block-button__link has-text-color has-link-color wp-element-button\" href=\"https:\/\/www.genetyka.edu.pl\/2025\/rejestracja\/\" style=\"border-width:3px;color:#26517e\">We\u017a udzia\u0142 w warsztatach<\/a><\/div>\n<\/div>\n\n\n\n<figure class=\"wp-block-table is-style-regular has-small-font-size\"><table class=\"has-white-color has-text-color has-background has-link-color\" style=\"background:linear-gradient(140deg,rgb(231,196,203) 0%,rgb(88,128,176) 79%);border-style:none;border-width:0px\"><tbody><tr><td class=\"has-text-align-center\" data-align=\"center\" colspan=\"2\"><strong>Program warsztat\u00f3w<\/strong><\/td><\/tr><\/tbody><\/table><\/figure>\n\n\n\n<figure class=\"wp-block-table is-style-stripes has-x-small-font-size\" style=\"margin-top:0;margin-bottom:0\"><table class=\"has-background\" style=\"background:radial-gradient(rgb(238,238,238) 0%,rgb(169,184,195) 100%)\"><tbody><tr><td class=\"has-text-align-center\" data-align=\"center\">9:00 &#8211; 9:10<\/td><td><strong>Przywitanie uczestnik\u00f3w. Wprowadzenie w tematyk\u0119 kursu<br><\/strong>Magda Rybak-Krzyszkowska, Szpital Uniwersytecki, Krak\u00f3w<\/td><\/tr><tr><td class=\"has-text-align-center\" data-align=\"center\">9:10 &#8211; 9:40<\/td><td><strong>Testy skryningowe w programie bada\u0144 prenatalnych w Polsce oraz Izraelu<br><\/strong>Magda Rybak-Krzyszkowska, Szpital Uniwersytecki, Krak\u00f3w<\/td><\/tr><tr><td class=\"has-text-align-center\" data-align=\"center\">9:40 &#8211; 10:10<\/td><td><strong>Nowe mo\u017cliwo\u015bci diagnostyki nieinwazyjnej. Rodzaje test\u00f3w NIPT, zasada dzia\u0142ania testu. NIPT zawsze i wsz\u0119dzie?<br><\/strong>Agnieszka Gach, Instytut Centrum Zdrowia Matki Polki, \u0141\u00f3d\u017a<\/td><\/tr><tr><td class=\"has-text-align-center\" data-align=\"center\">    10:10 &#8211; 10:40      <\/td><td><strong>NIPT jako powszechny skryning \u2013 do\u015bwiadczenia z Niderland\u00f3w<br><\/strong>Ma\u0142gorzata I. Srebniak, Erazmus MC, Rotterdam, The Netherlands<\/td><\/tr><tr><td class=\"has-text-align-center\" data-align=\"center\">10:40 &#8211; 11:00 <\/td><td><strong>Mozaicyzm \u0142o\u017cyskowy- jak organizm sobie z nim radzi?<br><\/strong>Ma\u0142gorzata I. Srebniak, Erazmus MC, Rotterdam, The Netherlands<\/td><\/tr><tr><td class=\"has-text-align-center\" data-align=\"center\">11:00 &#8211; 11:15<\/td><td>Przerwa kawowa<\/td><\/tr><tr><td class=\"has-text-align-center\" data-align=\"center\">11:15 &#8211; 12:00<\/td><td><strong>Diagnostyka inwazyjna- mo\u017cliwo\u015bci i ograniczenia. Przegl\u0105d obecnie dost\u0119pnych metod. Co warto wybra\u0107, kiedy i dlaczego?<br><\/strong>Anna Madetko-Talowska, Uniwersytet Jagiello\u0144ski Collegium Medicum, Krak\u00f3w<\/td><\/tr><tr><td class=\"has-text-align-center\" data-align=\"center\">12:00 &#8211; 12:30 <\/td><td><strong>Podstawowe zasady interpretacji wynik\u00f3w bada\u0144 genetycznych i klasyfikacji wariant\u00f3w<\/strong><br><strong>(podstawowe poj\u0119cia, modele dziedziczenia i ACMG)<br><\/strong>Anna Madetko-Talowska, Uniwersytet Jagiello\u0144ski Collegium Medicum, Krak\u00f3w<\/td><\/tr><tr><td class=\"has-text-align-center\" data-align=\"center\">12:30 &#8211; 13:00 <\/td><td><strong>Algorytm post\u0119powania w diagnostyce prenatalnej na przyk\u0142adzie Niderland\u00f3w\u00f3w.<\/strong><br><strong>Wysokoprzepustowa diagnostyka prenatalna<br><\/strong>Ma\u0142gorzata I. Srebniak, Erazmus MC, Rotterdam, The Netherlands<\/td><\/tr><tr><td class=\"has-text-align-center\" data-align=\"center\">13:00 &#8211; 14:00  <\/td><td>Lunch<\/td><\/tr><tr><td class=\"has-text-align-center\" data-align=\"center\">14:00 &#8211; 15:30<\/td><td><strong>Wyzwanie dla ginekologa, czyli jak radzi\u0107 sobie z wynikami bada\u0144 genetycznych w praktyce?<\/strong><br><strong>Warsztaty praktyczne- analiza przypadk\u00f3w klinicznych<br><\/strong>Anna Madetko-Talowska, Katarzyna Szewczyk, Teofila Ksi\u0105\u017cek, Uniwersytet Jagiello\u0144ski Collegium Medicum, Krak\u00f3w<br>Justyna Szyma\u0144ska, Laboratorium Cytogenetyki i Genetyki Molekularnej Uniwersytecki Szpital Dzieci\u0119cy, Krak\u00f3w<\/td><\/tr><tr><td class=\"has-text-align-center\" data-align=\"center\">15:30 &#8211; 16:00<\/td><td><strong>Om\u00f3wienie prezentowanych przypadk\u00f3w klinicznych<\/strong><\/td><\/tr><tr><td class=\"has-text-align-center\" data-align=\"center\">16:00 &#8211; 16:15<\/td><td>Przerwa kawowa<\/td><\/tr><tr><td class=\"has-text-align-center\" data-align=\"center\">16:15 &#8211; 16:45<\/td><td><strong>Wady OUN &#8211; diagnostyka genetyczna na przypadkach<br><\/strong>Magda Rybak &#8211; Krzyszkowska, Szpital Uniwersytecki, Krak\u00f3w<\/td><\/tr><tr><td class=\"has-text-align-center\" data-align=\"center\">16:45-17:15<\/td><td><strong>Dysmorfologia prenatalna, dysplazje szkieletowe co mo\u017cemy postara\u0107 si\u0119 zobaczy\u0107? Rola diagnostyki genetycznej<br><\/strong>Lech Dudarewicz, Instytut Centrum Zdrowia Matki Polki, \u0141\u00f3d\u017a<\/td><\/tr><tr><td class=\"has-text-align-center\" data-align=\"center\">17:15 &#8211; 17:45<\/td><td><strong>Hipotrofia w badaniu prenatalnym <strong>\u2013<\/strong> Obraz kliniczny pacjenta podczas wizyty w Poradni Genetycznej<br><\/strong>Jolanta Fijak-Moskal, Uniwersytecki Szpital Dzieci\u0119cy w Krakowie<\/td><\/tr><tr><td class=\"has-text-align-center\" data-align=\"center\">17:45- 18:00<\/td><td><strong>Czy istnieje idealna wsp\u00f3\u0142praca ginekolog-po\u0142o\u017cnik \u2013 diagnosta laboratoryjny? Kr\u00f3tkie podsumowanie kursu<br><\/strong>Magda Rybak \u2013 Krzyszkowska, Uniwersytet Jagiello\u0144ski Collegium Medicum, Krak\u00f3w<\/td><\/tr><\/tbody><\/table><\/figure>\n\n\n\n<p><\/p>\n","protected":false},"excerpt":{"rendered":"<p>Zapraszamy do udzia\u0142u w warsztatach \u201ePrzyst\u0119pna genetyka dla po\u0142o\u017cnika\u201d, kt\u00f3re odb\u0119d\u0105 si\u0119 2 pa\u017adziernika 2025 r. w godzinach 9:00 &#8211; 18:00. Warsztaty odbywaj\u0105 si\u0119 pod Naukowym Kierownictwem dr n. med. Magdy Rybak-Krzyszkowskiej. Miejsce spotkania: Auditorium Maximum UJ, ul. Krupnicza 33, Krak\u00f3w Koszt udzia\u0142u w warsztatach: 1500 z\u0142Koszt udzia\u0142u w konferencji i warsztatach: 1900 z\u0142 Oplata [&hellip;]<\/p>\n","protected":false},"author":1,"featured_media":0,"parent":0,"menu_order":0,"comment_status":"closed","ping_status":"closed","template":"","meta":{"_acf_changed":false,"footnotes":""},"class_list":["post-47","page","type-page","status-publish","hentry"],"acf":[],"_links":{"self":[{"href":"https:\/\/www.genetyka.edu.pl\/2025\/wp-json\/wp\/v2\/pages\/47","targetHints":{"allow":["GET"]}}],"collection":[{"href":"https:\/\/www.genetyka.edu.pl\/2025\/wp-json\/wp\/v2\/pages"}],"about":[{"href":"https:\/\/www.genetyka.edu.pl\/2025\/wp-json\/wp\/v2\/types\/page"}],"author":[{"embeddable":true,"href":"https:\/\/www.genetyka.edu.pl\/2025\/wp-json\/wp\/v2\/users\/1"}],"replies":[{"embeddable":true,"href":"https:\/\/www.genetyka.edu.pl\/2025\/wp-json\/wp\/v2\/comments?post=47"}],"version-history":[{"count":28,"href":"https:\/\/www.genetyka.edu.pl\/2025\/wp-json\/wp\/v2\/pages\/47\/revisions"}],"predecessor-version":[{"id":410,"href":"https:\/\/www.genetyka.edu.pl\/2025\/wp-json\/wp\/v2\/pages\/47\/revisions\/410"}],"wp:attachment":[{"href":"https:\/\/www.genetyka.edu.pl\/2025\/wp-json\/wp\/v2\/media?parent=47"}],"curies":[{"name":"wp","href":"https:\/\/api.w.org\/{rel}","templated":true}]}}