{"id":8,"date":"2025-02-20T10:32:20","date_gmt":"2025-02-20T09:32:20","guid":{"rendered":"https:\/\/www.genetyka.edu.pl\/2025\/?page_id=8"},"modified":"2025-09-29T23:07:53","modified_gmt":"2025-09-29T21:07:53","slug":"program","status":"publish","type":"page","link":"https:\/\/www.genetyka.edu.pl\/2025\/program\/","title":{"rendered":"Program"},"content":{"rendered":"\n<h2 class=\"wp-block-heading has-text-align-center\">Dzie\u0144 1<\/h2>\n\n\n\n<div class=\"wp-block-columns is-layout-flex wp-container-core-columns-is-layout-28f84493 wp-block-columns-is-layout-flex\">\n<div class=\"wp-block-column is-vertically-aligned-center is-layout-flow wp-block-column-is-layout-flow\" style=\"flex-basis:100%\">\n<figure class=\"wp-block-table is-style-stripes has-x-small-font-size\" style=\"margin-top:0;margin-bottom:0\"><table class=\"has-very-light-gray-to-cyan-bluish-gray-gradient-background has-background\"><tbody><tr><td class=\"has-text-align-center\" data-align=\"center\">8:00 &#8211; 8:30<\/td><td>Rejestracja uczestnik\u00f3w<\/td><td><\/td><td><\/td><td><\/td><td><\/td><td><\/td><td><\/td><td><\/td><td><\/td><td><\/td><td><\/td><td><\/td><td><\/td><\/tr><tr><td class=\"has-text-align-center\" data-align=\"center\">8:30 &#8211; 9:00<\/td><td>Otwarcie konferencji, powitanie Go\u015bci i Uczestnik\u00f3w        <\/td><td><\/td><td><\/td><td><\/td><td><\/td><td><\/td><td><\/td><td><\/td><td><\/td><td><\/td><td><\/td><td><\/td><td><\/td><\/tr><\/tbody><\/table><\/figure>\n\n\n\n<figure class=\"wp-block-table is-style-regular has-x-small-font-size\"><table class=\"has-white-color has-text-color has-background has-link-color\" style=\"background:linear-gradient(140deg,rgb(231,196,203) 0%,rgb(88,128,176) 79%);border-style:none;border-width:0px\"><tbody><tr><td class=\"has-text-align-center\" data-align=\"center\" colspan=\"2\"><strong>Sesja I<\/strong>: <strong>Nowoczesna diagnostyka i terapia prenatalna- techniki obrazowania, diagnostyki i terapii p\u0142odu<\/strong><\/td><\/tr><\/tbody><\/table><\/figure>\n\n\n\n<figure class=\"wp-block-table is-style-stripes has-x-small-font-size\" style=\"margin-top:0;margin-bottom:0\"><table class=\"has-very-light-gray-to-cyan-bluish-gray-gradient-background has-background\"><tbody><tr><td class=\"has-text-align-center\" data-align=\"center\">9:00 &#8211; 9:30<\/td><td>Wyk\u0142ad otwieraj\u0105cy<br><strong>NIPT in twin pregnancy<br><\/strong>Asma Khalil, St George&#8217;s University Hospitals, Londyn<\/td><td><\/td><td><\/td><td><\/td><td><\/td><td><\/td><td><\/td><td><\/td><td><\/td><td><\/td><td><\/td><td><\/td><td><\/td><\/tr><tr><td class=\"has-text-align-center\" data-align=\"center\">9:30 &#8211; 10:00<\/td><td><strong>Przepuklina przeponowa we wsp\u00f3\u0142czesnej perinatologii<br><\/strong><em>Przemys\u0142aw Kosi\u0144ski, Warszawski Uniwersytet Medyczny, Warszawa<\/em><\/td><td><\/td><td><\/td><td><\/td><td><\/td><td><\/td><td><\/td><td><\/td><td><\/td><td><\/td><td><\/td><td><\/td><td><\/td><\/tr><tr><td class=\"has-text-align-center\" data-align=\"center\">10:00 &#8211; 10:30<\/td><td><strong>Operacje wewn\u0105trzmaciczne z u\u017cyciem shunt\u00f3w<\/strong><br><em>Robert Brawura-Biskupski-Samaha, Szpital Biela\u0144ski, Warszawa<\/em><\/td><td><\/td><td><\/td><td><\/td><td><\/td><td><\/td><td><\/td><td><\/td><td><\/td><td><\/td><td><\/td><td><\/td><td><\/td><\/tr><tr><td class=\"has-text-align-center\" data-align=\"center\">10:30 &#8211; 11:00<\/td><td><strong>Znaczenie test\u00f3w NIPT w diagnostyce przyczyn utraty ci\u0105\u017cy<br><\/strong><em>Ma\u0142gorzata I. Srebniak, Erazmus MC Rotterdam, The Netherlands<\/em><\/td><td><\/td><td><\/td><td><\/td><td><\/td><td><\/td><td><\/td><td><\/td><td><\/td><td><\/td><td><\/td><td><\/td><td><\/td><\/tr><tr><td class=\"has-text-align-center\" data-align=\"center\">11:00 &#8211; 11:15<\/td><td>Przerwa owocowa z firm\u0105 Marcel<\/td><td><\/td><td><\/td><td><\/td><td><\/td><td><\/td><td><\/td><td><\/td><td><\/td><td><\/td><td><\/td><td><\/td><td><\/td><\/tr><\/tbody><\/table><\/figure>\n\n\n\n<figure class=\"wp-block-table is-style-regular has-x-small-font-size\"><table class=\"has-white-color has-text-color has-background has-link-color\" style=\"background:linear-gradient(140deg,rgb(231,196,203) 0%,rgb(88,128,176) 79%);border-style:none;border-width:0px\"><tbody><tr><td class=\"has-text-align-center\" data-align=\"center\" colspan=\"2\"><strong>Sesja II<\/strong>: <strong>Rola perinatologa i genetyka w przygotowaniu do narodzin dziecka z wadami wrodzonymi<\/strong><\/td><\/tr><\/tbody><\/table><\/figure>\n\n\n\n<figure class=\"wp-block-table is-style-stripes has-x-small-font-size\" style=\"margin-top:0;margin-bottom:0\"><table class=\"has-very-light-gray-to-cyan-bluish-gray-gradient-background has-background\"><tbody><tr><td class=\"has-text-align-center\" data-align=\"center\">11:15 &#8211; 11:45<\/td><td><strong>Znaczenie kliniczne diagnostyki preimplantacyjnej<br><\/strong><em>Ewelina Preizner-Rzucid\u0142o, Uniwersytet Jagiello\u0144ski Collegium Medicum, Krak\u00f3w<\/em><\/td><td><\/td><td><\/td><td><\/td><td><\/td><td><\/td><\/tr><tr><td class=\"has-text-align-center\" data-align=\"center\">11:45 &#8211; 12:15<\/td><td><strong>Opieka nad ci\u0119\u017carn\u0105 z wad\u0105 letaln\u0105 u p\u0142odu \u2013 rola hospicjum perinatalnego<\/strong> <br><em>Hanna Moczulska, Szpital Kliniczny Uniwersytetu Medycznego w \u0141odzi, \u0141\u00f3d\u017a<\/em><\/td><td><\/td><td><\/td><td><\/td><td><\/td><td><\/td><\/tr><tr><td class=\"has-text-align-center\" data-align=\"center\">12:15 &#8211; 12:45<\/td><td><strong>Wady pow\u0142ok brzusznych- od diagnozy do porodu<br><\/strong><em>Renata Jaczy\u0144ska, Uniwersyteckie Centrum Kliniczne WUM, Warszawa<\/em><\/td><td><\/td><td><\/td><td><\/td><td><\/td><td><\/td><\/tr><tr><td class=\"has-text-align-center\" data-align=\"center\">12:45 &#8211; 13:15<\/td><td><strong>Wady uk\u0142adu nerwowego- opieka prenatalna<br><\/strong><em>Magda Rybak-Krzyszkowska, Szpital Uniwersytecki, Krak\u00f3w<\/em><\/td><td><\/td><td><\/td><td><\/td><td><\/td><td><\/td><\/tr><tr><td class=\"has-text-align-center\" data-align=\"center\">13:15 &#8211; 14:00<\/td><td>Lunch<\/td><td><\/td><td><\/td><td><\/td><td><\/td><td><\/td><\/tr><\/tbody><\/table><\/figure>\n\n\n\n<figure class=\"wp-block-table is-style-regular has-x-small-font-size\"><table class=\"has-white-color has-text-color has-background has-link-color\" style=\"background:linear-gradient(140deg,rgb(231,196,203) 0%,rgb(88,128,176) 79%);border-style:none;border-width:0px\"><tbody><tr><td class=\"has-text-align-center\" data-align=\"center\" colspan=\"2\"><strong>Sesja III<\/strong>: <strong>Dialog genetyka-ginekologa i pediatry w obliczu wysokoprzepustowej diagnostyki genetycznej. Wyzwania interpretacyjne<\/strong><br>\/sesja w j\u0119zyku angielskim\/<\/td><\/tr><\/tbody><\/table><\/figure>\n\n\n\n<figure class=\"wp-block-table is-style-stripes has-x-small-font-size\" style=\"margin-top:0;margin-bottom:0\"><table class=\"has-very-light-gray-to-cyan-bluish-gray-gradient-background has-background\"><tbody><tr><td class=\"has-text-align-center\" data-align=\"center\">14:00 &#8211; 14:30<\/td><td><strong>Implementation of WES\/WGS in prenatal diagnosis \u2013 diagnostic procedures and representative cases<br><\/strong><em>Karin Diderich, &nbsp;Ma\u0142gorzata I. Srebniak, Erazmus MC Rotterdam, The Netherlands<\/em><\/td><\/tr><tr><td class=\"has-text-align-center\" data-align=\"center\">14:30 &#8211; 15:00<\/td><td><strong>The application of long-read sequencing technology in clinical diagnostics<br><\/strong><em>Christian Gilissen, Radboud University Nijmegen MC, Leiden, The Netherlands<\/em><\/td><\/tr><tr><td class=\"has-text-align-center\" data-align=\"center\">15:00 &#8211; 15:30<\/td><td><strong>Challanges in variant interpretations \u2013 how to handle VUS and incidental findings in prenatal WES\/WGS diagnostics<br><\/strong><em>Karin Diderich, Erazmus MC Rotterdam, The Netherlands<\/em><\/td><\/tr><tr><td class=\"has-text-align-center\" data-align=\"center\">15:30 &#8211; 16:00<\/td><td><strong>The use of methylation signatures (episignatures) in diagnostics<\/strong><br><em>Mari\u00eblle Alders, Amsterdam UMC, The Netherlands<\/em><\/td><\/tr><tr><td class=\"has-text-align-center\" data-align=\"center\">16:00 &#8211; 16:15<\/td><td>Przerwa kawowa<\/td><\/tr><\/tbody><\/table><\/figure>\n\n\n\n<figure class=\"wp-block-table is-style-regular has-x-small-font-size\"><table class=\"has-white-color has-text-color has-background has-link-color\" style=\"background:linear-gradient(140deg,rgb(231,196,203) 0%,rgb(88,128,176) 79%);border-style:none;border-width:0px\"><tbody><tr><td class=\"has-text-align-center\" data-align=\"center\" colspan=\"2\"><strong>Sesja IV<\/strong>: <strong>Dysmorfologia w praktyce- od perinatologii do pediatrii<\/strong><\/td><\/tr><\/tbody><\/table><\/figure>\n<\/div>\n<\/div>\n\n\n\n<figure class=\"wp-block-table is-style-stripes has-x-small-font-size\" style=\"margin-top:0;margin-bottom:0\"><table class=\"has-very-light-gray-to-cyan-bluish-gray-gradient-background has-background\"><tbody><tr><td>16:15 &#8211; 16:45<\/td><td><strong>Podw\u00f3jny genotyp za kurtyn\u0105 z\u0142o\u017conego fenotypu \u2013 sp\u00f3jny obraz kliniczny nie zawsze odzwierciedla jednorodn\u0105 etiologi\u0119<br><\/strong><em>\u0141ukasz K\u0119pczy\u0144ski, Instytut Centrum Zdrowia Matki Polki, \u0141\u00f3d\u017a<\/em><\/td><\/tr><tr><td>16:45 &#8211; 16:55<\/td><td><strong>CeGaT Exome Xtra &#8211; wi\u0119ksza skuteczno\u015b\u0107 diagnostyczna<br><\/strong>Jacek \u0141ukasik, CeGaT GmbH<\/td><\/tr><tr><td>16:55 &#8211; 17:25<\/td><td><strong>Dysplazje szkieletowe okiem dysmorfologa prenatalnego<br><\/strong><em>Lech Dudarewicz, <em>Instytut Centrum Zdrowia Matki Polki,<\/em> \u0141\u00f3d\u017a<\/em><\/td><\/tr><tr><td>17:25 &#8211; 17:55<\/td><td><strong>Malformacje naczyniowe u p\u0142od\u00f3w, noworodk\u00f3w i dzieci starszych nowe mo\u017cliwo\u015bci terapii<br><\/strong><em>Ewa Bie\u0144, Anna K\u0142osowska Gda\u0144ski Uniwersytet Medyczny, Gda\u0144sk<\/em><\/td><\/tr><tr><td>17:55<\/td><td>Zako\u0144czenie I dnia Konferencji<\/td><\/tr><\/tbody><\/table><\/figure>\n\n\n\n<p><\/p>\n\n\n\n<div style=\"height:51px\" aria-hidden=\"true\" class=\"wp-block-spacer\"><\/div>\n\n\n\n<h2 class=\"wp-block-heading has-text-align-center\">Dzie\u0144 2<\/h2>\n\n\n\n<div class=\"wp-block-columns is-layout-flex wp-container-core-columns-is-layout-28f84493 wp-block-columns-is-layout-flex\">\n<div class=\"wp-block-column is-vertically-aligned-center is-layout-flow wp-block-column-is-layout-flow\" style=\"flex-basis:100%\">\n<figure class=\"wp-block-table is-style-regular has-x-small-font-size\"><table class=\"has-white-color has-text-color has-background has-link-color\" style=\"background:linear-gradient(140deg,rgb(231,196,203) 0%,rgb(88,128,176) 79%);border-style:none;border-width:0px\"><tbody><tr><td class=\"has-text-align-center\" data-align=\"center\" colspan=\"2\"><strong>Sesja V<\/strong>: <strong>Wsp\u00f3\u0142praca neonatologa z genetykami w okre\u015blaniu przyczyn wrodzonych wad rozwojowych<\/strong><\/td><\/tr><\/tbody><\/table><\/figure>\n\n\n\n<figure class=\"wp-block-table is-style-stripes has-x-small-font-size\" style=\"margin-top:0;margin-bottom:0\"><table class=\"has-very-light-gray-to-cyan-bluish-gray-gradient-background has-background\"><tbody><tr><td class=\"has-text-align-center\" data-align=\"center\">9:00 &#8211; 9:30<\/td><td><strong>Zesp\u00f3\u0142 delecji 22q11.2 jako model choroby o zmiennej ekspresji<br><\/strong>Beata Nowakowska, Instytut Matki i Dziecka, Warszawa<\/td><\/tr><tr><td class=\"has-text-align-center\" data-align=\"center\">9:30 &#8211; 10:00<\/td><td><strong>Ciliopatie: od pocz\u0119cia do p\u00f3\u017anej doros\u0142o\u015bci. Wyzwania diagnostyczne i&nbsp; terapeutyczne na r\u00f3\u017cnych etapach \u017cycia pacjenta<br><\/strong>Dorota Wicher, Centrum Zdrowia Dziecka, Warszawa<\/td><\/tr><tr><td class=\"has-text-align-center\" data-align=\"center\">10:00 &#8211; 10:30<\/td><td><strong>R\u00f3\u017cnicowanie zespo\u0142\u00f3w genetycznych z IUGR oraz zespo\u0142\u00f3w przerostu (overgrowth)<\/strong><br><strong>&#8211; diagnostyka dysmorfologiczna i post\u0119powanie kliniczne<br><\/strong>Agata Cie\u015blikowska, Centrum Zdrowia Dziecka, Warszawa<\/td><\/tr><tr><td class=\"has-text-align-center\" data-align=\"center\">10:30 &#8211; 11:00<\/td><td><strong>Zaburzenie rozwoju i dysmorfia w pierwszych dniach \u017cycia<br><\/strong>Robert \u015amigiel, Uniwersytet Medyczny im. Piast\u00f3w \u015al\u0105skich we Wroc\u0142awiu, Wroc\u0142aw<\/td><\/tr><tr><td class=\"has-text-align-center\" data-align=\"center\">11:00 &#8211; 11:15<\/td><td>Wyst\u0105pienie laureata sesji plakatowej<br><strong>Od fenotypu VACTERL do rozpoznania anemii Fanconiego \u2013znaczenie dysmorfologii i bada\u0144 genetycznych<br><\/strong>Dominika Szcz\u0119\u015bniak, Poradnia Genetyczna, Centrum Medyczne CM MEDGEN w Warszawie<\/td><\/tr><tr><td class=\"has-text-align-center\" data-align=\"center\">11:15 &#8211; 11:30<\/td><td>Przerwa owocowa z firm\u0105 Marcel<\/td><\/tr><\/tbody><\/table><\/figure>\n\n\n\n<figure class=\"wp-block-table is-style-regular has-x-small-font-size\"><table class=\"has-white-color has-text-color has-background has-link-color\" style=\"background:linear-gradient(140deg,rgb(231,196,203) 0%,rgb(88,128,176) 79%);border-style:none;border-width:0px\"><tbody><tr><td class=\"has-text-align-center\" data-align=\"center\" colspan=\"2\"><strong>Sesja VI<\/strong>: <strong><strong>Nowoczesna diagnostyka genetyczna pacjenta pediatrycznego z chorob\u0105 monogenow\u0105. Od klasycznego sekwencjonowania po technologi\u0119 d\u0142ugich odczyt\u00f3w<\/strong><\/strong><\/td><\/tr><\/tbody><\/table><\/figure>\n\n\n\n<figure class=\"wp-block-table is-style-stripes has-x-small-font-size\" style=\"margin-top:0;margin-bottom:0\"><table class=\"has-very-light-gray-to-cyan-bluish-gray-gradient-background has-background\"><tbody><tr><td class=\"has-text-align-center\" data-align=\"center\">11:30 &#8211; 12:00<\/td><td><strong>Diagnostyka celowana czy wysokoprzepustowa? Przyk\u0142ad zespo\u0142u dziecka wiotkiego<br><\/strong><em>Monika Gos, Instytut Matki i Dziecka, Warszawa<\/em><\/td><\/tr><tr><td class=\"has-text-align-center\" data-align=\"center\">12:00 &#8211; 12:30<\/td><td><strong>Kompleksowa diagnostyka we wsp\u00f3\u0142pracy ginekologa, genetyka oraz pediatry-przyk\u0142ady kliniczne<br><\/strong><em>Magda Rybak-Krzyszkowska, Anna Madetko-Talowska<br>Szpital Uniwersytecki w Krakowie, Uniwersytet Jagiello\u0144ski Collegium Medicum, Krak\u00f3w<\/em><\/td><\/tr><tr><td class=\"has-text-align-center\" data-align=\"center\">12:30 &#8211; 13:00<\/td><td><strong>Warianty niekoduj\u0105ce w patogenezie rzadkich chor\u00f3b monogenowych<br><\/strong>Aleksander Jamsheer, Uniwersytet Medyczny im. Karola Marcinkowskiego w Poznaniu, Pozna\u0144<\/td><\/tr><tr><td class=\"has-text-align-center\" data-align=\"center\">13:00 &#8211; 13:15<\/td><td>Wyst\u0105pienie laureata sesji plakatowej<br><strong>Analiza zmienno\u015bci genu INS na podstawie oceny klinicznej i molekularnej pacjent\u00f3w z podejrzeniem cukrzycy monogenowej<\/strong><br>Tomasz P\u0142oszaj, Zak\u0142ad Genetyki Klinicznej, Uniwersytet Medyczny w \u0141odzi<\/td><\/tr><tr><td class=\"has-text-align-center\" data-align=\"center\">13:15 &#8211; 13:30<\/td><td>Wyst\u0105pienie laureata sesji plakatowej<br><strong><strong>Czy warianty intronowe maj\u0105 znaczenie kliniczne?<br>Celowane sekwencjonowanie mRNA jako prosta i szybka odpowied\u017a na potrzeb\u0119 bada\u0144 funkcjonalnych w diagnostyce genetycznej<\/strong><br><\/strong>Karol Sto\u017cek, Laboratorium Cytogenetyki i Genetyki Molekularnej, Uniwersytecki Szpital Dzieci\u0119cy w Krakowie<\/td><\/tr><tr><td class=\"has-text-align-center\" data-align=\"center\">13:30 &#8211; 14:15<\/td><td>Lunch<\/td><\/tr><\/tbody><\/table><\/figure>\n\n\n\n<figure class=\"wp-block-table is-style-regular has-x-small-font-size\"><table class=\"has-white-color has-text-color has-background has-link-color\" style=\"background:linear-gradient(140deg,rgb(231,196,203) 0%,rgb(88,128,176) 79%);border-style:none;border-width:0px\"><tbody><tr><td class=\"has-text-align-center\" data-align=\"center\" colspan=\"2\"><strong>Sesja VII<\/strong>: <strong><strong>Planowanie opieki i terapii multidyscyplinarnej: rola pediatry w monitorowaniu rozwoju dziecka<\/strong><\/strong><\/td><\/tr><\/tbody><\/table><\/figure>\n<\/div>\n<\/div>\n\n\n\n<figure class=\"wp-block-table is-style-stripes has-x-small-font-size\" style=\"margin-top:0;margin-bottom:0\"><table class=\"has-very-light-gray-to-cyan-bluish-gray-gradient-background has-background\" style=\"border-style:none;border-width:0px\"><tbody><tr><td class=\"has-text-align-center\" data-align=\"center\">14:15 &#8211; 14:45<\/td><td><strong>Cele i rodzaje terapii precyzyjnych. Repozycjonowanie oraz terapie genowe<br><\/strong>Krzysztof Szcza\u0142uba, Warszawski Uniwersytet Medyczny, Warszawa<\/td><\/tr><tr><td class=\"has-text-align-center\" data-align=\"center\">14:45 &#8211; 15:15<\/td><td><strong>Co mo\u017cna wyczyta\u0107 z twarzy noworodka? Nie-genetyk stawia rozpoznanie<br><\/strong>Dorota Bulsiewicz, Instytut &#8222;Pomnik &#8211; Centrum Zdrowia Dziecka, Warszawa<br>Mateusz Jag\u0142a, Uniwersytet Jagiello\u0144ski Collegium Medicum, Krak\u00f3w<\/td><\/tr><tr><td class=\"has-text-align-center\" data-align=\"center\">15:15 &#8211; 15:30<\/td><td><strong>Opieka hospicyjna nad dzie\u0107mi w ci\u0105gu 20 lat dzia\u0142ania Ma\u0142opolskiego Hospicjum dla Dzieci<\/strong><br><em>Krzysztof Nawrocki, Ma\u0142opolskie Hospicjum dla Dzieci, Krak\u00f3w<\/em><\/td><\/tr><tr><td class=\"has-text-align-center\" data-align=\"center\">15:30 &#8211; 15:45<\/td><td><strong>Opieka hospicyjna i wytchnieniowa nad dzie\u0107mi w Polsce- perspektywa prawna<br><\/strong><em>Wojciech Glac, Ma\u0142opolskie Hospicjum dla Dzieci, Krak\u00f3w<\/em><\/td><\/tr><tr><td class=\"has-text-align-center\" data-align=\"center\">15:45 &#8211; 16:00<\/td><td>Wyst\u0105pienie laureata sesji plakatowej<br><strong>RASopatie \u2013 specyfika obrazu klinicznego w okresie prenatalnym i noworodkowym<br><\/strong>Natalia Braun-Walicka, Zak\u0142ad Genetyki Medycznej, Instytut Matki i Dziecka w Warszawie<\/td><\/tr><tr><td class=\"has-text-align-center\" data-align=\"center\">16:00 &#8211; 16:30<\/td><td>Podsumowanie i zako\u0144czenie konferencji<\/td><\/tr><\/tbody><\/table><\/figure>\n\n\n\n<figure class=\"wp-block-table is-style-regular has-medium-font-size\"><table class=\"has-white-color has-text-color has-background has-link-color has-fixed-layout\" style=\"background:linear-gradient(140deg,rgb(231,196,203) 0%,rgb(88,128,176) 79%);border-style:none;border-width:0px\"><tbody><tr><td class=\"has-text-align-center\" data-align=\"center\"><strong>Uczestnicy za udzia\u0142 w spotkaniu otrzymaj\u0105 14 punkt\u00f3w edukacyjnych<\/strong><\/td><\/tr><\/tbody><\/table><\/figure>\n\n\n\n<div class=\"wp-block-buttons is-content-justification-center is-layout-flex wp-container-core-buttons-is-layout-a89b3969 wp-block-buttons-is-layout-flex\">\n<div class=\"wp-block-button has-custom-width wp-block-button__width-50 is-style-outline is-style-outline--1\"><a class=\"wp-block-button__link has-text-color has-link-color has-text-align-center wp-element-button\" href=\"https:\/\/www.genetyka.edu.pl\/2025\/rejestracja\/\" style=\"border-width:3px;color:#26517e\">Zarejestruj si\u0119<\/a><\/div>\n<\/div>\n\n\n\n<p><\/p>\n","protected":false},"excerpt":{"rendered":"<p>Dzie\u0144 1 8:00 &#8211; 8:30 Rejestracja uczestnik\u00f3w 8:30 &#8211; 9:00 Otwarcie konferencji, powitanie Go\u015bci i Uczestnik\u00f3w Sesja I: Nowoczesna diagnostyka i terapia prenatalna- techniki obrazowania, diagnostyki i terapii p\u0142odu 9:00 &#8211; 9:30 Wyk\u0142ad otwieraj\u0105cyNIPT in twin pregnancyAsma Khalil, St George&#8217;s University Hospitals, Londyn 9:30 &#8211; 10:00 Przepuklina przeponowa we wsp\u00f3\u0142czesnej perinatologiiPrzemys\u0142aw Kosi\u0144ski, Warszawski Uniwersytet Medyczny, [&hellip;]<\/p>\n","protected":false},"author":1,"featured_media":0,"parent":0,"menu_order":0,"comment_status":"closed","ping_status":"closed","template":"","meta":{"_acf_changed":false,"footnotes":""},"class_list":["post-8","page","type-page","status-publish","hentry"],"acf":[],"_links":{"self":[{"href":"https:\/\/www.genetyka.edu.pl\/2025\/wp-json\/wp\/v2\/pages\/8","targetHints":{"allow":["GET"]}}],"collection":[{"href":"https:\/\/www.genetyka.edu.pl\/2025\/wp-json\/wp\/v2\/pages"}],"about":[{"href":"https:\/\/www.genetyka.edu.pl\/2025\/wp-json\/wp\/v2\/types\/page"}],"author":[{"embeddable":true,"href":"https:\/\/www.genetyka.edu.pl\/2025\/wp-json\/wp\/v2\/users\/1"}],"replies":[{"embeddable":true,"href":"https:\/\/www.genetyka.edu.pl\/2025\/wp-json\/wp\/v2\/comments?post=8"}],"version-history":[{"count":70,"href":"https:\/\/www.genetyka.edu.pl\/2025\/wp-json\/wp\/v2\/pages\/8\/revisions"}],"predecessor-version":[{"id":412,"href":"https:\/\/www.genetyka.edu.pl\/2025\/wp-json\/wp\/v2\/pages\/8\/revisions\/412"}],"wp:attachment":[{"href":"https:\/\/www.genetyka.edu.pl\/2025\/wp-json\/wp\/v2\/media?parent=8"}],"curies":[{"name":"wp","href":"https:\/\/api.w.org\/{rel}","templated":true}]}}